{"id":471,"date":"2026-02-27T17:23:47","date_gmt":"2026-02-27T17:23:47","guid":{"rendered":"https:\/\/sartoriapugilistica.com\/?post_type=product&#038;p=471"},"modified":"2026-04-19T13:39:12","modified_gmt":"2026-04-19T13:39:12","slug":"diego-el-toro-lenzi-12-oz","status":"publish","type":"product","link":"https:\/\/sartoriapugilistica.com\/en\/product\/diego-el-toro-lenzi-12-oz\/","title":{"rendered":"Diego &#8220;EL TORO&#8221; Lenzi 12 oz"},"content":{"rendered":"<h2>Who is Diego Lenzi?<\/h2>\n<h5>Olympic Athlete for the Italian national team at the Paris 2024 Summer Olympics<\/h5>\n<p><img fetchpriority=\"high\" decoding=\"async\" class=\"alignleft wp-image-689 size-medium\" src=\"https:\/\/sartoriapugilistica.com\/wp-content\/uploads\/2026\/02\/Diego-Lenzi-2-200x300.jpg\" alt=\"\" width=\"200\" height=\"300\" srcset=\"https:\/\/sartoriapugilistica.com\/wp-content\/uploads\/2026\/02\/Diego-Lenzi-2-200x300.jpg 200w, https:\/\/sartoriapugilistica.com\/wp-content\/uploads\/2026\/02\/Diego-Lenzi-2-8x12.jpg 8w, https:\/\/sartoriapugilistica.com\/wp-content\/uploads\/2026\/02\/Diego-Lenzi-2.jpg 250w\" sizes=\"(max-width: 200px) 100vw, 200px\" \/><\/p>\n<p><span style=\"color: #000000;\">He entered the world of sports through soccer and basketball. At 16, he began boxing, driven by the desire to practice a sport where he was solely responsible for a defeat. He immediately caught the attention of the national team, which called him up for several youth training camps. Distracted by typical teenage passions, at 19 he decided to take a break before starting again in February 2022, when he sacrificed time, parties, and friendships to dedicate himself exclusively to training and competitions. His boxing idol is Mexican champion Santos Sa\u00fal \u00c1lvarez Barrag\u00e1n, known as 'Canelo', and his strengths are his explosiveness and physical endurance. Now he can't wait to step into the ring at Paris 2024 to try to make a dream he's had since he was a child come true: to be the strongest of all.<\/span><\/p>\n<p><span style=\"color: #000000;\">Source: <a style=\"color: #000000;\" href=\"https:\/\/parigi2024.coni.it\/it\/italia-team\/gli-azzurri\/scheda_atleta\/2487:DIEGO_LENZI.html\">Coni.it<\/a><\/span><\/p>","protected":false},"excerpt":{"rendered":"<p><span style=\"color: #000000;\">This pair of gloves was handcrafted for champion athlete Diego Lenzi, considered the future of Italian and international boxing.<\/span><\/p>\n<p><span style=\"color: #000000;\">An exclusive project that combines Italian manufacturing excellence, technical research, and meticulous attention to detail. This model also features an additional layer on the knuckles, designed to provide extra padding and an even higher-performance structure during use.<\/span><\/p>\n<h4><span style=\"color: #000000;\">Glove Features:<\/span><\/h4>\n<ul>\n<li><span style=\"color: #000000;\">Model: FUORICLASSE\u2122<\/span><\/li>\n<li><span style=\"color: #000000;\">Weight: 12 oz<\/span><\/li>\n<li><span style=\"color: #000000;\">Padding: Advanced Multi-layer\u2122 with Cellular Rubber, EVA Foam and high quality expanded materials, made in Italy<\/span><\/li>\n<li><span style=\"color: #000000;\">Outer material: Metallic silver nappa and anthracite cowhide<\/span><\/li>\n<li><span style=\"color: #000000;\">Profiles: Anthracite<\/span><\/li>\n<li><span style=\"color: #000000;\">Closure: Leather laces<\/span><\/li>\n<li><span style=\"color: #000000;\">Logo: Black brush applied<\/span><\/li>\n<li><span style=\"color: #000000;\">Personalization: \u201cDiego \u2018El Toro\u2019 Lenzi\u201d written on the thumb<\/span><\/li>\n<\/ul>\n<p><span style=\"color: #000000;\">A glove designed to express power, precision, and distinctive style, with a technical construction that is meticulously crafted down to the smallest detail and customization that enhances its uniqueness.<\/span><\/p>\n<h6><span style=\"color: #000000;\"><a style=\"color: #000000;\" href=\"https:\/\/sartoriapugilistica.com\/en\/personalizzazioni\/\">CREATE YOUR OWN UNIQUE TAILORED GLOVE<\/a><\/span><\/h6>","protected":false},"featured_media":1535,"template":"","meta":{"_exactmetrics_skip_tracking":false,"_exactmetrics_sitenote_active":false,"_exactmetrics_sitenote_note":"","_exactmetrics_sitenote_category":0},"product_brand":[],"product_cat":[22,20,24],"product_tag":[35,43,48,32],"class_list":{"0":"post-471","1":"product","2":"type-product","3":"status-publish","4":"has-post-thumbnail","6":"product_cat-edizioni-limitate","7":"product_cat-fuoriclasse","8":"product_cat-ultimi-arrivi","9":"product_tag-12-oz","10":"product_tag-argento","11":"product_tag-gomma-cellulare","12":"product_tag-multi-layer-avanzato","14":"first","15":"instock","16":"shipping-taxable","17":"product-type-external"},"yoast_head":"<!-- This site is optimized with the Yoast SEO plugin v27.4 - https:\/\/yoast.com\/product\/yoast-seo-wordpress\/ -->\n<title>Diego EL TORO Lenzi 12 oz | Sartoria Pugilistica | Made in Italy<\/title>\n<meta name=\"description\" content=\"I guantoni da boxe realizzati per Diego EL TORO Lenzi 12 oz da Sartoria Pugilistica sono pensati per esprimere potenza, precisione e stile distintivo.\" \/>\n<meta name=\"robots\" content=\"index, follow, max-snippet:-1, max-image-preview:large, max-video-preview:-1\" \/>\n<link rel=\"canonical\" href=\"https:\/\/sartoriapugilistica.com\/en\/product\/diego-el-toro-lenzi-12-oz\/\" \/>\n<meta property=\"og:locale\" content=\"en_US\" \/>\n<meta property=\"og:type\" content=\"article\" \/>\n<meta property=\"og:title\" content=\"Diego EL TORO Lenzi 12 oz | Sartoria Pugilistica | Made in Italy\" \/>\n<meta property=\"og:description\" content=\"I guantoni da boxe realizzati per Diego EL TORO Lenzi 12 oz da Sartoria Pugilistica sono pensati per esprimere potenza, precisione e stile distintivo.\" \/>\n<meta property=\"og:url\" content=\"https:\/\/sartoriapugilistica.com\/en\/product\/diego-el-toro-lenzi-12-oz\/\" \/>\n<meta property=\"og:site_name\" content=\"Sartoria Pugilistica\" \/>\n<meta property=\"article:modified_time\" content=\"2026-04-19T13:39:12+00:00\" \/>\n<meta property=\"og:image\" content=\"https:\/\/sartoriapugilistica.com\/wp-content\/uploads\/2026\/02\/Diego-EL-TORO-Lenzi-12-oz.jpeg\" \/>\n\t<meta property=\"og:image:width\" content=\"1080\" \/>\n\t<meta property=\"og:image:height\" content=\"1080\" \/>\n\t<meta property=\"og:image:type\" content=\"image\/jpeg\" \/>\n<meta name=\"twitter:card\" content=\"summary_large_image\" \/>\n<meta name=\"twitter:label1\" content=\"Est. reading time\" \/>\n\t<meta name=\"twitter:data1\" content=\"2 minutes\" \/>\n<script type=\"application\/ld+json\" class=\"yoast-schema-graph\">{\"@context\":\"https:\\\/\\\/schema.org\",\"@graph\":[{\"@type\":\"WebPage\",\"@id\":\"https:\\\/\\\/sartoriapugilistica.com\\\/prodotto\\\/diego-el-toro-lenzi-12-oz\\\/\",\"url\":\"https:\\\/\\\/sartoriapugilistica.com\\\/prodotto\\\/diego-el-toro-lenzi-12-oz\\\/\",\"name\":\"Diego EL TORO Lenzi 12 oz | Sartoria Pugilistica | Made in Italy\",\"isPartOf\":{\"@id\":\"https:\\\/\\\/sartoriapugilistica.com\\\/#website\"},\"primaryImageOfPage\":{\"@id\":\"https:\\\/\\\/sartoriapugilistica.com\\\/prodotto\\\/diego-el-toro-lenzi-12-oz\\\/#primaryimage\"},\"image\":{\"@id\":\"https:\\\/\\\/sartoriapugilistica.com\\\/prodotto\\\/diego-el-toro-lenzi-12-oz\\\/#primaryimage\"},\"thumbnailUrl\":\"https:\\\/\\\/sartoriapugilistica.com\\\/wp-content\\\/uploads\\\/2026\\\/02\\\/Diego-EL-TORO-Lenzi-12-oz.jpeg\",\"datePublished\":\"2026-02-27T17:23:47+00:00\",\"dateModified\":\"2026-04-19T13:39:12+00:00\",\"description\":\"I guantoni da boxe realizzati per Diego EL TORO Lenzi 12 oz da Sartoria Pugilistica sono pensati per esprimere potenza, precisione e stile distintivo.\",\"breadcrumb\":{\"@id\":\"https:\\\/\\\/sartoriapugilistica.com\\\/prodotto\\\/diego-el-toro-lenzi-12-oz\\\/#breadcrumb\"},\"inLanguage\":\"en-US\",\"potentialAction\":[{\"@type\":\"ReadAction\",\"target\":[\"https:\\\/\\\/sartoriapugilistica.com\\\/prodotto\\\/diego-el-toro-lenzi-12-oz\\\/\"]}]},{\"@type\":\"ImageObject\",\"inLanguage\":\"en-US\",\"@id\":\"https:\\\/\\\/sartoriapugilistica.com\\\/prodotto\\\/diego-el-toro-lenzi-12-oz\\\/#primaryimage\",\"url\":\"https:\\\/\\\/sartoriapugilistica.com\\\/wp-content\\\/uploads\\\/2026\\\/02\\\/Diego-EL-TORO-Lenzi-12-oz.jpeg\",\"contentUrl\":\"https:\\\/\\\/sartoriapugilistica.com\\\/wp-content\\\/uploads\\\/2026\\\/02\\\/Diego-EL-TORO-Lenzi-12-oz.jpeg\",\"width\":1080,\"height\":1080,\"caption\":\"Guantoni Diego EL TORO Lenzi 12 oz\"},{\"@type\":\"BreadcrumbList\",\"@id\":\"https:\\\/\\\/sartoriapugilistica.com\\\/prodotto\\\/diego-el-toro-lenzi-12-oz\\\/#breadcrumb\",\"itemListElement\":[{\"@type\":\"ListItem\",\"position\":1,\"name\":\"Home\",\"item\":\"https:\\\/\\\/sartoriapugilistica.com\\\/\"},{\"@type\":\"ListItem\",\"position\":2,\"name\":\"Shop\",\"item\":\"https:\\\/\\\/sartoriapugilistica.com\\\/negozio\\\/\"},{\"@type\":\"ListItem\",\"position\":3,\"name\":\"Diego &#8220;EL TORO&#8221; Lenzi 12 oz\"}]},{\"@type\":\"WebSite\",\"@id\":\"https:\\\/\\\/sartoriapugilistica.com\\\/#website\",\"url\":\"https:\\\/\\\/sartoriapugilistica.com\\\/\",\"name\":\"Sartoria Pugilistica\",\"description\":\"Luxury Boxing Atelier\",\"publisher\":{\"@id\":\"https:\\\/\\\/sartoriapugilistica.com\\\/#organization\"},\"potentialAction\":[{\"@type\":\"SearchAction\",\"target\":{\"@type\":\"EntryPoint\",\"urlTemplate\":\"https:\\\/\\\/sartoriapugilistica.com\\\/?s={search_term_string}\"},\"query-input\":{\"@type\":\"PropertyValueSpecification\",\"valueRequired\":true,\"valueName\":\"search_term_string\"}}],\"inLanguage\":\"en-US\"},{\"@type\":\"Organization\",\"@id\":\"https:\\\/\\\/sartoriapugilistica.com\\\/#organization\",\"name\":\"Sartoria Pugilistica\",\"url\":\"https:\\\/\\\/sartoriapugilistica.com\\\/\",\"logo\":{\"@type\":\"ImageObject\",\"inLanguage\":\"en-US\",\"@id\":\"https:\\\/\\\/sartoriapugilistica.com\\\/#\\\/schema\\\/logo\\\/image\\\/\",\"url\":\"https:\\\/\\\/sartoriapugilistica.com\\\/wp-content\\\/uploads\\\/2026\\\/02\\\/SartoriaPugilistica_logo.png\",\"contentUrl\":\"https:\\\/\\\/sartoriapugilistica.com\\\/wp-content\\\/uploads\\\/2026\\\/02\\\/SartoriaPugilistica_logo.png\",\"width\":1536,\"height\":246,\"caption\":\"Sartoria Pugilistica\"},\"image\":{\"@id\":\"https:\\\/\\\/sartoriapugilistica.com\\\/#\\\/schema\\\/logo\\\/image\\\/\"}}]}<\/script>\n<!-- \/ Yoast SEO plugin. -->","yoast_head_json":{"title":"Diego EL TORO Lenzi 12 oz | Sartoria Pugilistica | Made in Italy","description":"I guantoni da boxe realizzati per Diego EL TORO Lenzi 12 oz da Sartoria Pugilistica sono pensati per esprimere potenza, precisione e stile distintivo.","robots":{"index":"index","follow":"follow","max-snippet":"max-snippet:-1","max-image-preview":"max-image-preview:large","max-video-preview":"max-video-preview:-1"},"canonical":"https:\/\/sartoriapugilistica.com\/en\/product\/diego-el-toro-lenzi-12-oz\/","og_locale":"en_US","og_type":"article","og_title":"Diego EL TORO Lenzi 12 oz | Sartoria Pugilistica | Made in Italy","og_description":"I guantoni da boxe realizzati per Diego EL TORO Lenzi 12 oz da Sartoria Pugilistica sono pensati per esprimere potenza, precisione e stile distintivo.","og_url":"https:\/\/sartoriapugilistica.com\/en\/product\/diego-el-toro-lenzi-12-oz\/","og_site_name":"Sartoria Pugilistica","article_modified_time":"2026-04-19T13:39:12+00:00","og_image":[{"width":1080,"height":1080,"url":"https:\/\/sartoriapugilistica.com\/wp-content\/uploads\/2026\/02\/Diego-EL-TORO-Lenzi-12-oz.jpeg","type":"image\/jpeg"}],"twitter_card":"summary_large_image","twitter_misc":{"Est. reading time":"2 minutes"},"schema":{"@context":"https:\/\/schema.org","@graph":[{"@type":"WebPage","@id":"https:\/\/sartoriapugilistica.com\/prodotto\/diego-el-toro-lenzi-12-oz\/","url":"https:\/\/sartoriapugilistica.com\/prodotto\/diego-el-toro-lenzi-12-oz\/","name":"Diego EL TORO Lenzi 12 oz | Sartoria Pugilistica | Made in Italy","isPartOf":{"@id":"https:\/\/sartoriapugilistica.com\/#website"},"primaryImageOfPage":{"@id":"https:\/\/sartoriapugilistica.com\/prodotto\/diego-el-toro-lenzi-12-oz\/#primaryimage"},"image":{"@id":"https:\/\/sartoriapugilistica.com\/prodotto\/diego-el-toro-lenzi-12-oz\/#primaryimage"},"thumbnailUrl":"https:\/\/sartoriapugilistica.com\/wp-content\/uploads\/2026\/02\/Diego-EL-TORO-Lenzi-12-oz.jpeg","datePublished":"2026-02-27T17:23:47+00:00","dateModified":"2026-04-19T13:39:12+00:00","description":"I guantoni da boxe realizzati per Diego EL TORO Lenzi 12 oz da Sartoria Pugilistica sono pensati per esprimere potenza, precisione e stile distintivo.","breadcrumb":{"@id":"https:\/\/sartoriapugilistica.com\/prodotto\/diego-el-toro-lenzi-12-oz\/#breadcrumb"},"inLanguage":"en-US","potentialAction":[{"@type":"ReadAction","target":["https:\/\/sartoriapugilistica.com\/prodotto\/diego-el-toro-lenzi-12-oz\/"]}]},{"@type":"ImageObject","inLanguage":"en-US","@id":"https:\/\/sartoriapugilistica.com\/prodotto\/diego-el-toro-lenzi-12-oz\/#primaryimage","url":"https:\/\/sartoriapugilistica.com\/wp-content\/uploads\/2026\/02\/Diego-EL-TORO-Lenzi-12-oz.jpeg","contentUrl":"https:\/\/sartoriapugilistica.com\/wp-content\/uploads\/2026\/02\/Diego-EL-TORO-Lenzi-12-oz.jpeg","width":1080,"height":1080,"caption":"Guantoni Diego EL TORO Lenzi 12 oz"},{"@type":"BreadcrumbList","@id":"https:\/\/sartoriapugilistica.com\/prodotto\/diego-el-toro-lenzi-12-oz\/#breadcrumb","itemListElement":[{"@type":"ListItem","position":1,"name":"Home","item":"https:\/\/sartoriapugilistica.com\/"},{"@type":"ListItem","position":2,"name":"Shop","item":"https:\/\/sartoriapugilistica.com\/negozio\/"},{"@type":"ListItem","position":3,"name":"Diego &#8220;EL TORO&#8221; Lenzi 12 oz"}]},{"@type":"WebSite","@id":"https:\/\/sartoriapugilistica.com\/#website","url":"https:\/\/sartoriapugilistica.com\/","name":"Sartoria Pugilistica","description":"Luxury Boxing Atelier","publisher":{"@id":"https:\/\/sartoriapugilistica.com\/#organization"},"potentialAction":[{"@type":"SearchAction","target":{"@type":"EntryPoint","urlTemplate":"https:\/\/sartoriapugilistica.com\/?s={search_term_string}"},"query-input":{"@type":"PropertyValueSpecification","valueRequired":true,"valueName":"search_term_string"}}],"inLanguage":"en-US"},{"@type":"Organization","@id":"https:\/\/sartoriapugilistica.com\/#organization","name":"Sartoria Pugilistica","url":"https:\/\/sartoriapugilistica.com\/","logo":{"@type":"ImageObject","inLanguage":"en-US","@id":"https:\/\/sartoriapugilistica.com\/#\/schema\/logo\/image\/","url":"https:\/\/sartoriapugilistica.com\/wp-content\/uploads\/2026\/02\/SartoriaPugilistica_logo.png","contentUrl":"https:\/\/sartoriapugilistica.com\/wp-content\/uploads\/2026\/02\/SartoriaPugilistica_logo.png","width":1536,"height":246,"caption":"Sartoria Pugilistica"},"image":{"@id":"https:\/\/sartoriapugilistica.com\/#\/schema\/logo\/image\/"}}]}},"_links":{"self":[{"href":"https:\/\/sartoriapugilistica.com\/en\/wp-json\/wp\/v2\/product\/471","targetHints":{"allow":["GET"]}}],"collection":[{"href":"https:\/\/sartoriapugilistica.com\/en\/wp-json\/wp\/v2\/product"}],"about":[{"href":"https:\/\/sartoriapugilistica.com\/en\/wp-json\/wp\/v2\/types\/product"}],"wp:featuredmedia":[{"embeddable":true,"href":"https:\/\/sartoriapugilistica.com\/en\/wp-json\/wp\/v2\/media\/1535"}],"wp:attachment":[{"href":"https:\/\/sartoriapugilistica.com\/en\/wp-json\/wp\/v2\/media?parent=471"}],"wp:term":[{"taxonomy":"product_brand","embeddable":true,"href":"https:\/\/sartoriapugilistica.com\/en\/wp-json\/wp\/v2\/product_brand?post=471"},{"taxonomy":"product_cat","embeddable":true,"href":"https:\/\/sartoriapugilistica.com\/en\/wp-json\/wp\/v2\/product_cat?post=471"},{"taxonomy":"product_tag","embeddable":true,"href":"https:\/\/sartoriapugilistica.com\/en\/wp-json\/wp\/v2\/product_tag?post=471"}],"curies":[{"name":"wp","href":"https:\/\/api.w.org\/{rel}","templated":true}]}}