{"id":1309,"date":"2026-03-06T16:01:08","date_gmt":"2026-03-06T16:01:08","guid":{"rendered":"https:\/\/sartoriapugilistica.com\/?page_id=1309"},"modified":"2026-04-12T11:38:01","modified_gmt":"2026-04-12T11:38:01","slug":"riparazioni","status":"publish","type":"page","link":"https:\/\/sartoriapugilistica.com\/en\/riparazioni\/","title":{"rendered":"Repairs"},"content":{"rendered":"<div data-elementor-type=\"wp-page\" data-elementor-id=\"1309\" class=\"elementor elementor-1309\">\n\t\t\t\t<div class=\"elementor-element elementor-element-26c620f2 e-flex e-con-boxed e-con e-parent\" data-id=\"26c620f2\" data-element_type=\"container\" data-e-type=\"container\">\n\t\t\t\t\t<div class=\"e-con-inner\">\n\t\t\t\t<div class=\"elementor-element elementor-element-799cac2 elementor-hidden-desktop elementor-hidden-tablet elementor-hidden-mobile elementor-widget elementor-widget-heading\" data-id=\"799cac2\" data-element_type=\"widget\" data-e-type=\"widget\" data-widget_type=\"heading.default\">\n\t\t\t\t\t<h2 class=\"elementor-heading-title elementor-size-default\">Repairs<\/h2>\t\t\t\t<\/div>\n\t\t\t\t<div class=\"elementor-element elementor-element-0dc8b5d elementor-widget elementor-widget-spacer\" data-id=\"0dc8b5d\" data-element_type=\"widget\" data-e-type=\"widget\" data-widget_type=\"spacer.default\">\n\t\t\t\t\t\t\t<div class=\"elementor-spacer\">\n\t\t\t<div class=\"elementor-spacer-inner\"><\/div>\n\t\t<\/div>\n\t\t\t\t\t\t<\/div>\n\t\t\t\t\t<\/div>\n\t\t\t\t<\/div>\n\t\t<div class=\"elementor-element elementor-element-f81609d e-flex e-con-boxed e-con e-parent\" data-id=\"f81609d\" data-element_type=\"container\" data-e-type=\"container\">\n\t\t\t\t\t<div class=\"e-con-inner\">\n\t\t<div class=\"elementor-element elementor-element-ec6f082 e-con-full e-flex e-con e-child\" data-id=\"ec6f082\" data-element_type=\"container\" data-e-type=\"container\">\n\t\t\t\t<div class=\"elementor-element elementor-element-b7e0cbc elementor-widget elementor-widget-image\" data-id=\"b7e0cbc\" data-element_type=\"widget\" data-e-type=\"widget\" data-widget_type=\"image.default\">\n\t\t\t\t\t\t\t\t\t\t\t\t\t\t\t<img fetchpriority=\"high\" decoding=\"async\" width=\"345\" height=\"360\" src=\"https:\/\/sartoriapugilistica.com\/wp-content\/uploads\/2026\/03\/riparazioni-Sartoria-Pugilistica-e1772913418994.png\" class=\"attachment-large size-large wp-image-823\" alt=\"Riparazioni\" srcset=\"https:\/\/sartoriapugilistica.com\/wp-content\/uploads\/2026\/03\/riparazioni-Sartoria-Pugilistica-e1772913418994.png 345w, https:\/\/sartoriapugilistica.com\/wp-content\/uploads\/2026\/03\/riparazioni-Sartoria-Pugilistica-e1772913418994-288x300.png 288w, https:\/\/sartoriapugilistica.com\/wp-content\/uploads\/2026\/03\/riparazioni-Sartoria-Pugilistica-e1772913418994-12x12.png 12w\" sizes=\"(max-width: 345px) 100vw, 345px\" \/>\t\t\t\t\t\t\t\t\t\t\t\t\t\t\t<\/div>\n\t\t\t\t<\/div>\n\t\t<div class=\"elementor-element elementor-element-43c9cd7 e-con-full e-flex e-con e-child\" data-id=\"43c9cd7\" data-element_type=\"container\" data-e-type=\"container\">\n\t\t\t\t<div class=\"elementor-element elementor-element-5e4e776e elementor-widget elementor-widget-text-editor\" data-id=\"5e4e776e\" data-element_type=\"widget\" data-e-type=\"widget\" data-widget_type=\"text-editor.default\">\n\t\t\t\t\t\t\t\t\t<p data-pm-slice=\"1 1 []\"><span style=\"color: #000000;\"><strong>Sartoria Pugilistica\u00ae<\/strong> nasce dall\u2019incontro fra due arti antiche e complementari: il combattimento e la pelletteria italiana d\u2019eccellenza.<\/span><\/p><p><span style=\"color: #000000;\">Oltre vent\u2019anni di esperienza nel mondo del fighting e pi\u00f9 di tre decenni vissuti nelle botteghe dell\u2019alta moda italiana convergono in un unico gesto creativo, dove la forza si fa eleganza e la precisione artigiana diventa espressione di stile.<\/span><\/p><p><span style=\"color: #000000;\">Da questa unione prende forma una competenza rara, costruita nel tempo e perfezionata attraverso esperienza, visione e dedizione. Un patrimonio di conoscenze che Sartoria Pugilistica\u00ae mette a disposizione dei Clienti che ricercano un servizio di manutenzione e riparazione all\u2019altezza del valore della propria attrezzatura.<\/span><\/p><p><span style=\"color: #000000;\">Ogni intervento \u00e8 affidato a professionisti altamente formati e competenti, in grado di operare con attenzione assoluta, sensibilit\u00e0 tecnica e profondo rispetto per materiali, struttura e carattere di ogni elemento. Perch\u00e9 prendersi cura di un oggetto significa anche preservarne la storia, la funzione e l\u2019identit\u00e0.<\/span><\/p><p><span style=\"color: #000000;\"><strong>Contact Us<\/strong> per affidare alla nostra esperienza il compito di restituire nuova vita alla tua attrezzatura.<\/span><\/p>\t\t\t\t\t\t\t\t<\/div>\n\t\t\t\t<div class=\"elementor-element elementor-element-59a41fb elementor-widget elementor-widget-button\" data-id=\"59a41fb\" data-element_type=\"widget\" data-e-type=\"widget\" data-widget_type=\"button.default\">\n\t\t\t\t\t\t\t\t\t\t<a class=\"elementor-button elementor-button-link elementor-size-sm\" href=\"https:\/\/sartoriapugilistica.com\/en\/contatti\/\">\n\t\t\t\t\t\t<span class=\"elementor-button-content-wrapper\">\n\t\t\t\t\t\t\t\t\t<span class=\"elementor-button-text\">CONTACT US<\/span>\n\t\t\t\t\t<\/span>\n\t\t\t\t\t<\/a>\n\t\t\t\t\t\t\t\t<\/div>\n\t\t\t\t<\/div>\n\t\t\t\t\t<\/div>\n\t\t\t\t<\/div>\n\t\t\t\t<\/div>","protected":false},"excerpt":{"rendered":"<p>Riparazioni Sartoria Pugilistica\u00ae nasce dall\u2019incontro fra due arti antiche e complementari: il combattimento e la pelletteria italiana d\u2019eccellenza. Oltre vent\u2019anni di esperienza nel mondo del fighting e pi\u00f9 di tre decenni vissuti nelle botteghe dell\u2019alta moda italiana convergono in un unico gesto creativo, dove la forza si fa eleganza e la precisione artigiana diventa espressione [&hellip;]<\/p>\n","protected":false},"author":2,"featured_media":0,"parent":0,"menu_order":0,"comment_status":"closed","ping_status":"closed","template":"","meta":{"_exactmetrics_skip_tracking":false,"_exactmetrics_sitenote_active":false,"_exactmetrics_sitenote_note":"","_exactmetrics_sitenote_category":0,"footnotes":""},"class_list":["post-1309","page","type-page","status-publish","hentry"],"blocksy_meta":[],"yoast_head":"<!-- This site is optimized with the Yoast SEO plugin v27.4 - https:\/\/yoast.com\/product\/yoast-seo-wordpress\/ -->\n<title>Riparazioni | Sartoria Pugilistica | 100% made in Italy<\/title>\n<meta name=\"description\" content=\"Riparazioni Sartoria Pugilistica: professionisti altamente formati e competenti. Contattaci per dare nuova vita alla tua attrezzatura.\" \/>\n<meta name=\"robots\" content=\"index, follow, max-snippet:-1, max-image-preview:large, max-video-preview:-1\" \/>\n<link rel=\"canonical\" href=\"https:\/\/sartoriapugilistica.com\/en\/riparazioni\/\" \/>\n<meta property=\"og:locale\" content=\"en_US\" \/>\n<meta property=\"og:type\" content=\"article\" \/>\n<meta property=\"og:title\" content=\"Riparazioni | Sartoria Pugilistica | 100% made in Italy\" \/>\n<meta property=\"og:description\" content=\"Riparazioni Sartoria Pugilistica: professionisti altamente formati e competenti. Contattaci per dare nuova vita alla tua attrezzatura.\" \/>\n<meta property=\"og:url\" content=\"https:\/\/sartoriapugilistica.com\/en\/riparazioni\/\" \/>\n<meta property=\"og:site_name\" content=\"Sartoria Pugilistica\" \/>\n<meta property=\"article:modified_time\" content=\"2026-04-12T11:38:01+00:00\" \/>\n<meta property=\"og:image\" content=\"https:\/\/sartoriapugilistica.com\/wp-content\/uploads\/2026\/03\/riparazioni-Sartoria-Pugilistica-e1772913418994.png\" \/>\n<meta name=\"twitter:card\" content=\"summary_large_image\" \/>\n<meta name=\"twitter:label1\" content=\"Est. reading time\" \/>\n\t<meta name=\"twitter:data1\" content=\"2 minutes\" \/>\n<script type=\"application\/ld+json\" class=\"yoast-schema-graph\">{\"@context\":\"https:\\\/\\\/schema.org\",\"@graph\":[{\"@type\":\"WebPage\",\"@id\":\"https:\\\/\\\/sartoriapugilistica.com\\\/riparazioni\\\/\",\"url\":\"https:\\\/\\\/sartoriapugilistica.com\\\/riparazioni\\\/\",\"name\":\"Riparazioni | Sartoria Pugilistica | 100% made in Italy\",\"isPartOf\":{\"@id\":\"https:\\\/\\\/sartoriapugilistica.com\\\/#website\"},\"primaryImageOfPage\":{\"@id\":\"https:\\\/\\\/sartoriapugilistica.com\\\/riparazioni\\\/#primaryimage\"},\"image\":{\"@id\":\"https:\\\/\\\/sartoriapugilistica.com\\\/riparazioni\\\/#primaryimage\"},\"thumbnailUrl\":\"https:\\\/\\\/sartoriapugilistica.com\\\/wp-content\\\/uploads\\\/2026\\\/03\\\/riparazioni-Sartoria-Pugilistica-e1772913418994.png\",\"datePublished\":\"2026-03-06T16:01:08+00:00\",\"dateModified\":\"2026-04-12T11:38:01+00:00\",\"description\":\"Riparazioni Sartoria Pugilistica: professionisti altamente formati e competenti. Contattaci per dare nuova vita alla tua attrezzatura.\",\"breadcrumb\":{\"@id\":\"https:\\\/\\\/sartoriapugilistica.com\\\/riparazioni\\\/#breadcrumb\"},\"inLanguage\":\"en-US\",\"potentialAction\":[{\"@type\":\"ReadAction\",\"target\":[\"https:\\\/\\\/sartoriapugilistica.com\\\/riparazioni\\\/\"]}]},{\"@type\":\"ImageObject\",\"inLanguage\":\"en-US\",\"@id\":\"https:\\\/\\\/sartoriapugilistica.com\\\/riparazioni\\\/#primaryimage\",\"url\":\"https:\\\/\\\/sartoriapugilistica.com\\\/wp-content\\\/uploads\\\/2026\\\/03\\\/riparazioni-Sartoria-Pugilistica-e1772913418994.png\",\"contentUrl\":\"https:\\\/\\\/sartoriapugilistica.com\\\/wp-content\\\/uploads\\\/2026\\\/03\\\/riparazioni-Sartoria-Pugilistica-e1772913418994.png\"},{\"@type\":\"BreadcrumbList\",\"@id\":\"https:\\\/\\\/sartoriapugilistica.com\\\/riparazioni\\\/#breadcrumb\",\"itemListElement\":[{\"@type\":\"ListItem\",\"position\":1,\"name\":\"Home\",\"item\":\"https:\\\/\\\/sartoriapugilistica.com\\\/\"},{\"@type\":\"ListItem\",\"position\":2,\"name\":\"Riparazioni\"}]},{\"@type\":\"WebSite\",\"@id\":\"https:\\\/\\\/sartoriapugilistica.com\\\/#website\",\"url\":\"https:\\\/\\\/sartoriapugilistica.com\\\/\",\"name\":\"Sartoria Pugilistica\",\"description\":\"Luxury Boxing Atelier\",\"publisher\":{\"@id\":\"https:\\\/\\\/sartoriapugilistica.com\\\/#organization\"},\"potentialAction\":[{\"@type\":\"SearchAction\",\"target\":{\"@type\":\"EntryPoint\",\"urlTemplate\":\"https:\\\/\\\/sartoriapugilistica.com\\\/?s={search_term_string}\"},\"query-input\":{\"@type\":\"PropertyValueSpecification\",\"valueRequired\":true,\"valueName\":\"search_term_string\"}}],\"inLanguage\":\"en-US\"},{\"@type\":\"Organization\",\"@id\":\"https:\\\/\\\/sartoriapugilistica.com\\\/#organization\",\"name\":\"Sartoria Pugilistica\",\"url\":\"https:\\\/\\\/sartoriapugilistica.com\\\/\",\"logo\":{\"@type\":\"ImageObject\",\"inLanguage\":\"en-US\",\"@id\":\"https:\\\/\\\/sartoriapugilistica.com\\\/#\\\/schema\\\/logo\\\/image\\\/\",\"url\":\"https:\\\/\\\/sartoriapugilistica.com\\\/wp-content\\\/uploads\\\/2026\\\/02\\\/SartoriaPugilistica_logo.png\",\"contentUrl\":\"https:\\\/\\\/sartoriapugilistica.com\\\/wp-content\\\/uploads\\\/2026\\\/02\\\/SartoriaPugilistica_logo.png\",\"width\":1536,\"height\":246,\"caption\":\"Sartoria Pugilistica\"},\"image\":{\"@id\":\"https:\\\/\\\/sartoriapugilistica.com\\\/#\\\/schema\\\/logo\\\/image\\\/\"}}]}<\/script>\n<!-- \/ Yoast SEO plugin. -->","yoast_head_json":{"title":"Riparazioni | Sartoria Pugilistica | 100% made in Italy","description":"Riparazioni Sartoria Pugilistica: professionisti altamente formati e competenti. Contattaci per dare nuova vita alla tua attrezzatura.","robots":{"index":"index","follow":"follow","max-snippet":"max-snippet:-1","max-image-preview":"max-image-preview:large","max-video-preview":"max-video-preview:-1"},"canonical":"https:\/\/sartoriapugilistica.com\/en\/riparazioni\/","og_locale":"en_US","og_type":"article","og_title":"Riparazioni | Sartoria Pugilistica | 100% made in Italy","og_description":"Riparazioni Sartoria Pugilistica: professionisti altamente formati e competenti. Contattaci per dare nuova vita alla tua attrezzatura.","og_url":"https:\/\/sartoriapugilistica.com\/en\/riparazioni\/","og_site_name":"Sartoria Pugilistica","article_modified_time":"2026-04-12T11:38:01+00:00","og_image":[{"url":"https:\/\/sartoriapugilistica.com\/wp-content\/uploads\/2026\/03\/riparazioni-Sartoria-Pugilistica-e1772913418994.png","type":"","width":"","height":""}],"twitter_card":"summary_large_image","twitter_misc":{"Est. reading time":"2 minutes"},"schema":{"@context":"https:\/\/schema.org","@graph":[{"@type":"WebPage","@id":"https:\/\/sartoriapugilistica.com\/riparazioni\/","url":"https:\/\/sartoriapugilistica.com\/riparazioni\/","name":"Riparazioni | Sartoria Pugilistica | 100% made in Italy","isPartOf":{"@id":"https:\/\/sartoriapugilistica.com\/#website"},"primaryImageOfPage":{"@id":"https:\/\/sartoriapugilistica.com\/riparazioni\/#primaryimage"},"image":{"@id":"https:\/\/sartoriapugilistica.com\/riparazioni\/#primaryimage"},"thumbnailUrl":"https:\/\/sartoriapugilistica.com\/wp-content\/uploads\/2026\/03\/riparazioni-Sartoria-Pugilistica-e1772913418994.png","datePublished":"2026-03-06T16:01:08+00:00","dateModified":"2026-04-12T11:38:01+00:00","description":"Riparazioni Sartoria Pugilistica: professionisti altamente formati e competenti. Contattaci per dare nuova vita alla tua attrezzatura.","breadcrumb":{"@id":"https:\/\/sartoriapugilistica.com\/riparazioni\/#breadcrumb"},"inLanguage":"en-US","potentialAction":[{"@type":"ReadAction","target":["https:\/\/sartoriapugilistica.com\/riparazioni\/"]}]},{"@type":"ImageObject","inLanguage":"en-US","@id":"https:\/\/sartoriapugilistica.com\/riparazioni\/#primaryimage","url":"https:\/\/sartoriapugilistica.com\/wp-content\/uploads\/2026\/03\/riparazioni-Sartoria-Pugilistica-e1772913418994.png","contentUrl":"https:\/\/sartoriapugilistica.com\/wp-content\/uploads\/2026\/03\/riparazioni-Sartoria-Pugilistica-e1772913418994.png"},{"@type":"BreadcrumbList","@id":"https:\/\/sartoriapugilistica.com\/riparazioni\/#breadcrumb","itemListElement":[{"@type":"ListItem","position":1,"name":"Home","item":"https:\/\/sartoriapugilistica.com\/"},{"@type":"ListItem","position":2,"name":"Riparazioni"}]},{"@type":"WebSite","@id":"https:\/\/sartoriapugilistica.com\/#website","url":"https:\/\/sartoriapugilistica.com\/","name":"Sartoria Pugilistica","description":"Luxury Boxing Atelier","publisher":{"@id":"https:\/\/sartoriapugilistica.com\/#organization"},"potentialAction":[{"@type":"SearchAction","target":{"@type":"EntryPoint","urlTemplate":"https:\/\/sartoriapugilistica.com\/?s={search_term_string}"},"query-input":{"@type":"PropertyValueSpecification","valueRequired":true,"valueName":"search_term_string"}}],"inLanguage":"en-US"},{"@type":"Organization","@id":"https:\/\/sartoriapugilistica.com\/#organization","name":"Sartoria Pugilistica","url":"https:\/\/sartoriapugilistica.com\/","logo":{"@type":"ImageObject","inLanguage":"en-US","@id":"https:\/\/sartoriapugilistica.com\/#\/schema\/logo\/image\/","url":"https:\/\/sartoriapugilistica.com\/wp-content\/uploads\/2026\/02\/SartoriaPugilistica_logo.png","contentUrl":"https:\/\/sartoriapugilistica.com\/wp-content\/uploads\/2026\/02\/SartoriaPugilistica_logo.png","width":1536,"height":246,"caption":"Sartoria Pugilistica"},"image":{"@id":"https:\/\/sartoriapugilistica.com\/#\/schema\/logo\/image\/"}}]}},"_hostinger_reach_plugin_has_subscription_block":false,"_hostinger_reach_plugin_is_elementor":false,"_links":{"self":[{"href":"https:\/\/sartoriapugilistica.com\/en\/wp-json\/wp\/v2\/pages\/1309","targetHints":{"allow":["GET"]}}],"collection":[{"href":"https:\/\/sartoriapugilistica.com\/en\/wp-json\/wp\/v2\/pages"}],"about":[{"href":"https:\/\/sartoriapugilistica.com\/en\/wp-json\/wp\/v2\/types\/page"}],"author":[{"embeddable":true,"href":"https:\/\/sartoriapugilistica.com\/en\/wp-json\/wp\/v2\/users\/2"}],"replies":[{"embeddable":true,"href":"https:\/\/sartoriapugilistica.com\/en\/wp-json\/wp\/v2\/comments?post=1309"}],"version-history":[{"count":32,"href":"https:\/\/sartoriapugilistica.com\/en\/wp-json\/wp\/v2\/pages\/1309\/revisions"}],"predecessor-version":[{"id":2080,"href":"https:\/\/sartoriapugilistica.com\/en\/wp-json\/wp\/v2\/pages\/1309\/revisions\/2080"}],"wp:attachment":[{"href":"https:\/\/sartoriapugilistica.com\/en\/wp-json\/wp\/v2\/media?parent=1309"}],"curies":[{"name":"wp","href":"https:\/\/api.w.org\/{rel}","templated":true}]}}